{"id":39,"date":"2024-04-04T15:44:52","date_gmt":"2024-04-04T15:44:52","guid":{"rendered":"https:\/\/acigrupo.testmillennials.es\/?page_id=39"},"modified":"2024-04-08T12:19:52","modified_gmt":"2024-04-08T12:19:52","slug":"soluciones-de-datos","status":"publish","type":"page","link":"https:\/\/acigrupo.testmillennials.es\/?page_id=39","title":{"rendered":"Soluciones de Datos"},"content":{"rendered":"<div class=\"wpb-content-wrapper\"><p>[vc_row full_width=\u00bbstretch_row_content_no_spaces\u00bb woodmart_css_id=\u00bb660ec095c0c7c\u00bb responsive_spacing=\u00bbeyJwYXJhbV90eXBlIjoid29vZG1hcnRfcmVzcG9uc2l2ZV9zcGFjaW5nIiwic2VsZWN0b3JfaWQiOiI2NjBlYzA5NWMwYzdjIiwic2hvcnRjb2RlIjoidmNfcm93IiwiZGF0YSI6eyJ0YWJsZXQiOnsibWFyZ2luLXRvcCI6Ii03MHB4In0sIm1vYmlsZSI6eyJtYXJnaW4tdG9wIjoiLTcwcHgifX19&#8243; mobile_bg_img_hidden=\u00bbno\u00bb tablet_bg_img_hidden=\u00bbno\u00bb woodmart_parallax=\u00bb0&#8243; woodmart_gradient_switch=\u00bbno\u00bb woodmart_box_shadow=\u00bbno\u00bb wd_z_index=\u00bbno\u00bb woodmart_disable_overflow=\u00bb0&#8243; row_reverse_mobile=\u00bb0&#8243; row_reverse_tablet=\u00bb0&#8243; css=\u00bb.vc_custom_1712242847977{margin-top: -50px !important;}\u00bb][vc_column woodmart_bg_position=\u00bbleft-center\u00bb css=\u00bb.vc_custom_1712245346681{padding-left: 60px !important;background-image: url(https:\/\/acigrupo.testmillennials.es\/wp-content\/uploads\/2024\/04\/binary-2728117_1280.jpg?id=41) !important;background-position: center !important;background-repeat: no-repeat !important;background-size: cover !important;}\u00bb woodmart_css_id=\u00bb660eca4f21358&#8243; parallax_scroll=\u00bbno\u00bb woodmart_sticky_column=\u00bbfalse\u00bb wd_collapsible_content_switcher=\u00bbno\u00bb wd_column_role_offcanvas_desktop=\u00bbno\u00bb wd_column_role_offcanvas_tablet=\u00bbno\u00bb wd_column_role_offcanvas_mobile=\u00bbno\u00bb wd_column_role_content_desktop=\u00bbno\u00bb wd_column_role_content_tablet=\u00bbno\u00bb wd_column_role_content_mobile=\u00bbno\u00bb mobile_bg_img_hidden=\u00bbno\u00bb tablet_bg_img_hidden=\u00bbno\u00bb woodmart_parallax=\u00bb0&#8243; woodmart_box_shadow=\u00bbno\u00bb responsive_spacing=\u00bbeyJwYXJhbV90eXBlIjoid29vZG1hcnRfcmVzcG9uc2l2ZV9zcGFjaW5nIiwic2VsZWN0b3JfaWQiOiI2NjBlY2E0ZjIxMzU4Iiwic2hvcnRjb2RlIjoidmNfY29sdW1uIiwiZGF0YSI6eyJ0YWJsZXQiOnt9LCJtb2JpbGUiOnt9fX0=\u00bb mobile_reset_margin=\u00bbno\u00bb tablet_reset_margin=\u00bbno\u00bb wd_z_index=\u00bbno\u00bb][vc_row_inner][vc_column_inner woodmart_css_id=\u00bb660ec04e8f294&#8243; parallax_scroll=\u00bbno\u00bb woodmart_sticky_column=\u00bbfalse\u00bb wd_collapsible_content_switcher=\u00bbno\u00bb wd_column_role_offcanvas_desktop=\u00bbno\u00bb wd_column_role_offcanvas_tablet=\u00bbno\u00bb wd_column_role_offcanvas_mobile=\u00bbno\u00bb wd_column_role_content_desktop=\u00bbno\u00bb wd_column_role_content_tablet=\u00bbno\u00bb wd_column_role_content_mobile=\u00bbno\u00bb mobile_bg_img_hidden=\u00bbno\u00bb tablet_bg_img_hidden=\u00bbno\u00bb woodmart_parallax=\u00bb0&#8243; woodmart_box_shadow=\u00bbno\u00bb responsive_spacing=\u00bbeyJwYXJhbV90eXBlIjoid29vZG1hcnRfcmVzcG9uc2l2ZV9zcGFjaW5nIiwic2VsZWN0b3JfaWQiOiI2NjBlYzA0ZThmMjk0Iiwic2hvcnRjb2RlIjoidmNfY29sdW1uX2lubmVyIiwiZGF0YSI6eyJ0YWJsZXQiOnt9LCJtb2JpbGUiOnt9fX0=\u00bb wd_z_index=\u00bbno\u00bb offset=\u00bbvc_hidden-xs\u00bb][vc_empty_space height=\u00bb500&#8243; woodmart_hide_large=\u00bb0&#8243; woodmart_hide_medium=\u00bb0&#8243; woodmart_hide_small=\u00bb0&#8243;][\/vc_column_inner][\/vc_row_inner][vc_row_inner][vc_column_inner woodmart_css_id=\u00bb660ec05ed507e\u00bb parallax_scroll=\u00bbno\u00bb woodmart_sticky_column=\u00bbfalse\u00bb wd_collapsible_content_switcher=\u00bbno\u00bb wd_column_role_offcanvas_desktop=\u00bbno\u00bb wd_column_role_offcanvas_tablet=\u00bbno\u00bb wd_column_role_offcanvas_mobile=\u00bbno\u00bb wd_column_role_content_desktop=\u00bbno\u00bb wd_column_role_content_tablet=\u00bbno\u00bb wd_column_role_content_mobile=\u00bbno\u00bb mobile_bg_img_hidden=\u00bbno\u00bb tablet_bg_img_hidden=\u00bbno\u00bb woodmart_parallax=\u00bb0&#8243; woodmart_box_shadow=\u00bbno\u00bb responsive_spacing=\u00bbeyJwYXJhbV90eXBlIjoid29vZG1hcnRfcmVzcG9uc2l2ZV9zcGFjaW5nIiwic2VsZWN0b3JfaWQiOiI2NjBlYzA1ZWQ1MDdlIiwic2hvcnRjb2RlIjoidmNfY29sdW1uX2lubmVyIiwiZGF0YSI6eyJ0YWJsZXQiOnt9LCJtb2JpbGUiOnt9fX0=\u00bb wd_z_index=\u00bbno\u00bb offset=\u00bbvc_hidden-lg vc_hidden-md vc_hidden-sm\u00bb][vc_empty_space height=\u00bb400&#8243; woodmart_hide_large=\u00bb0&#8243; woodmart_hide_medium=\u00bb0&#8243; woodmart_hide_small=\u00bb0&#8243;][\/vc_column_inner][\/vc_row_inner][\/vc_column][\/vc_row][vc_row full_width=\u00bbstretch_row\u00bb woodmart_css_id=\u00bb660ec08210d82&#8243; responsive_spacing=\u00bbeyJwYXJhbV90eXBlIjoid29vZG1hcnRfcmVzcG9uc2l2ZV9zcGFjaW5nIiwic2VsZWN0b3JfaWQiOiI2NjBlYzA4MjEwZDgyIiwic2hvcnRjb2RlIjoidmNfcm93IiwiZGF0YSI6eyJ0YWJsZXQiOnsibWFyZ2luLXRvcCI6IjMwcHgiLCJtYXJnaW4tYm90dG9tIjoiNDVweCJ9LCJtb2JpbGUiOnsibWFyZ2luLXRvcCI6IjEwcHgiLCJtYXJnaW4tYm90dG9tIjoiNTVweCJ9fX0=\u00bb mobile_bg_img_hidden=\u00bbno\u00bb tablet_bg_img_hidden=\u00bbno\u00bb woodmart_parallax=\u00bb0&#8243; woodmart_gradient_switch=\u00bbno\u00bb woodmart_box_shadow=\u00bbno\u00bb wd_z_index=\u00bbno\u00bb woodmart_disable_overflow=\u00bb0&#8243; row_reverse_mobile=\u00bb0&#8243; row_reverse_tablet=\u00bb0&#8243; css=\u00bb.vc_custom_1712242832621{margin-top: 40px !important;margin-bottom: 75px !important;}\u00bb][vc_column woodmart_css_id=\u00bb65e7669ebf1d8&#8243; parallax_scroll=\u00bbno\u00bb woodmart_sticky_column=\u00bbfalse\u00bb wd_collapsible_content_switcher=\u00bbno\u00bb wd_column_role_offcanvas_desktop=\u00bbno\u00bb wd_column_role_offcanvas_tablet=\u00bbno\u00bb wd_column_role_offcanvas_mobile=\u00bbno\u00bb wd_column_role_content_desktop=\u00bbno\u00bb wd_column_role_content_tablet=\u00bbno\u00bb wd_column_role_content_mobile=\u00bbno\u00bb mobile_bg_img_hidden=\u00bbno\u00bb tablet_bg_img_hidden=\u00bbno\u00bb woodmart_parallax=\u00bb0&#8243; woodmart_box_shadow=\u00bbno\u00bb responsive_spacing=\u00bbeyJwYXJhbV90eXBlIjoid29vZG1hcnRfcmVzcG9uc2l2ZV9zcGFjaW5nIiwic2VsZWN0b3JfaWQiOiI2NWU3NjY5ZWJmMWQ4Iiwic2hvcnRjb2RlIjoidmNfY29sdW1uIiwiZGF0YSI6eyJ0YWJsZXQiOnt9LCJtb2JpbGUiOnsibWFyZ2luLXRvcCI6IjM1In19fQ==\u00bb mobile_reset_margin=\u00bbno\u00bb tablet_reset_margin=\u00bbno\u00bb wd_z_index=\u00bbno\u00bb css=\u00bb.vc_custom_1709663916319{margin-top: 15px !important;}\u00bb]\t\t\t<link rel=\"stylesheet\" id=\"wd-section-title-css\" href=\"https:\/\/acigrupo.testmillennials.es\/wp-content\/themes\/woodmart\/css\/parts\/el-section-title.min.css?ver=7.4.3\" type=\"text\/css\" media=\"all\" \/> \t\t\t\t\t\t<link rel=\"stylesheet\" id=\"wd-mod-highlighted-text-css\" href=\"https:\/\/acigrupo.testmillennials.es\/wp-content\/themes\/woodmart\/css\/parts\/mod-highlighted-text.min.css?ver=7.4.3\" type=\"text\/css\" media=\"all\" \/> \t\t\t\n\t\t<div id=\"wd-660ec9771c0ec\" class=\"title-wrapper wd-wpb set-mb-s reset-last-child  wd-rs-660ec9771c0ec wd-title-color-primary wd-title-style-default text-center vc_custom_1712245120595 wd-width-custom wd-underline-colored\">\n\t\t\t\n\t\t\t<div class=\"liner-continer\">\n\t\t\t\t<h1 class=\"woodmart-title-container title  wd-font-weight- wd-fontsize-l\" >Soluciones de datos<\/h1>\n\t\t\t\t\t\t\t<\/div>\n\t\t\t\n\t\t\t\n\t\t\t\n\t\t<\/div>\n\t\t\n\t\t\t\t\t<link rel=\"stylesheet\" id=\"wd-text-block-css\" href=\"https:\/\/acigrupo.testmillennials.es\/wp-content\/themes\/woodmart\/css\/parts\/el-text-block.min.css?ver=7.4.3\" type=\"text\/css\" media=\"all\" \/> \t\t\t\t\t<div id=\"wd-660ec99a35d8c\" class=\"wd-text-block wd-wpb reset-last-child wd-rs-660ec99a35d8c text-center vc_custom_1712245152114\">\n\t\t\t<p style=\"text-align: center;\">Las soluciones de datos ofrecen herramientas y estrategias para recopilar, procesar y analizar informaci\u00f3n de manera eficiente. Al aprovechar tecnolog\u00edas como el an\u00e1lisis predictivo y el aprendizaje autom\u00e1tico, estas soluciones permiten a las empresas tomar decisiones informadas y estrat\u00e9gicas para impulsar el crecimiento y la innovaci\u00f3n.<\/p>\n\t\t<\/div>\n\t\t[\/vc_column][\/vc_row][vc_row css=\u00bb.vc_custom_1712242717052{margin-top: 30px !important;margin-bottom: 50px !important;}\u00bb woodmart_css_id=\u00bb660ec01614b96&#8243; responsive_spacing=\u00bbeyJwYXJhbV90eXBlIjoid29vZG1hcnRfcmVzcG9uc2l2ZV9zcGFjaW5nIiwic2VsZWN0b3JfaWQiOiI2NjBlYzAxNjE0Yjk2Iiwic2hvcnRjb2RlIjoidmNfcm93IiwiZGF0YSI6eyJ0YWJsZXQiOnt9LCJtb2JpbGUiOnt9fX0=\u00bb mobile_bg_img_hidden=\u00bbno\u00bb tablet_bg_img_hidden=\u00bbno\u00bb woodmart_parallax=\u00bb0&#8243; woodmart_gradient_switch=\u00bbno\u00bb woodmart_box_shadow=\u00bbno\u00bb wd_z_index=\u00bbno\u00bb woodmart_disable_overflow=\u00bb0&#8243; row_reverse_mobile=\u00bb0&#8243; row_reverse_tablet=\u00bb0&#8243;][vc_column][vc_row_inner content_placement=\u00bbmiddle\u00bb responsive_tabs_advanced=\u00bbmobile\u00bb woodmart_css_id=\u00bb660ebfb3d311f\u00bb responsive_spacing=\u00bbeyJwYXJhbV90eXBlIjoid29vZG1hcnRfcmVzcG9uc2l2ZV9zcGFjaW5nIiwic2VsZWN0b3JfaWQiOiI2NjBlYmZiM2QzMTFmIiwic2hvcnRjb2RlIjoidmNfcm93X2lubmVyIiwiZGF0YSI6eyJ0YWJsZXQiOnt9LCJtb2JpbGUiOnt9fX0=\u00bb mobile_bg_img_hidden=\u00bbno\u00bb tablet_bg_img_hidden=\u00bbno\u00bb woodmart_parallax=\u00bb0&#8243; woodmart_gradient_switch=\u00bbno\u00bb woodmart_box_shadow=\u00bbno\u00bb wd_z_index=\u00bbno\u00bb woodmart_disable_overflow=\u00bb0&#8243; row_reverse_mobile=\u00bb1&#8243; row_reverse_tablet=\u00bb0&#8243;][vc_column_inner width=\u00bb1\/2&#8243;][vc_column_text woodmart_inline=\u00bbno\u00bb text_larger=\u00bbno\u00bb]<strong>Las soluciones de datos ofrecen a las empresas una amplia gama de ventajas:<\/strong><\/p>\n<p><span style=\"color: #4ea3f8;\"><strong>Toma de decisiones informada<\/strong><\/span>: Las soluciones de datos proporcionan informaci\u00f3n precisa y oportuna, lo que permite a las empresas tomar decisiones estrat\u00e9gicas basadas en datos con mayor confianza.<\/p>\n<p><span style=\"color: #4ea3f8;\"><strong>Identificaci\u00f3n de oportunidades de mercado<\/strong><\/span>: Al analizar grandes vol\u00famenes de datos, las empresas pueden identificar tendencias emergentes, preferencias del cliente y oportunidades de mercado antes de la competencia.<\/p>\n<p><span style=\"color: #4ea3f8;\"><strong>Optimizaci\u00f3n de operaciones<\/strong><\/span>: Al analizar datos operativos, las soluciones de datos ayudan a identificar \u00e1reas de mejora en los procesos internos, lo que conduce a una mayor eficiencia y reducci\u00f3n de costos.[\/vc_column_text][\/vc_column_inner][vc_column_inner width=\u00bb1\/2&#8243;][vc_single_image image=\u00bb43&#8243; img_size=\u00bbfull\u00bb parallax_scroll=\u00bbno\u00bb woodmart_inline=\u00bbno\u00bb][\/vc_column_inner][\/vc_row_inner][\/vc_column][\/vc_row][vc_row][vc_column][vc_row_inner content_placement=\u00bbmiddle\u00bb woodmart_css_id=\u00bb65e7092b1a7eb\u00bb responsive_spacing=\u00bbeyJwYXJhbV90eXBlIjoid29vZG1hcnRfcmVzcG9uc2l2ZV9zcGFjaW5nIiwic2VsZWN0b3JfaWQiOiI2NWU3MDkyYjFhN2ViIiwic2hvcnRjb2RlIjoidmNfcm93X2lubmVyIiwiZGF0YSI6eyJ0YWJsZXQiOnt9LCJtb2JpbGUiOnt9fX0=\u00bb mobile_bg_img_hidden=\u00bbno\u00bb tablet_bg_img_hidden=\u00bbno\u00bb woodmart_parallax=\u00bb0&#8243; woodmart_gradient_switch=\u00bbno\u00bb woodmart_box_shadow=\u00bbno\u00bb wd_z_index=\u00bbno\u00bb woodmart_disable_overflow=\u00bb0&#8243; row_reverse_mobile=\u00bb0&#8243; row_reverse_tablet=\u00bb0&#8243;][vc_column_inner width=\u00bb1\/2&#8243;][vc_single_image image=\u00bb44&#8243; img_size=\u00bbfull\u00bb parallax_scroll=\u00bbno\u00bb woodmart_inline=\u00bbno\u00bb][\/vc_column_inner][vc_column_inner width=\u00bb1\/2&#8243;][vc_column_text woodmart_inline=\u00bbno\u00bb text_larger=\u00bbno\u00bb]<span style=\"color: #4ea3f8;\"><strong>Mejora de la eficacia del marketing<\/strong><\/span>: Al analizar datos demogr\u00e1ficos y de comportamiento del cliente, las empresas pueden segmentar su audiencia de manera m\u00e1s efectiva y dirigir sus esfuerzos de marketing de manera m\u00e1s precisa, lo que aumenta la efectividad de las campa\u00f1as publicitarias.<\/p>\n<p><span style=\"color: #4ea3f8;\"><strong>Optimizaci\u00f3n de inventario y cadena de suministro<\/strong><\/span>: Al analizar datos de inventario y demanda, las soluciones de datos ayudan a prever la demanda futura y optimizar los niveles de inventario, lo que reduce los costos de almacenamiento y mejora la satisfacci\u00f3n del cliente.<\/p>\n<p><strong><span style=\"color: #4ea3f8;\">Cumplimiento normativo<\/span><\/strong>: Las soluciones de datos pueden ayudar a las empresas a recopilar, almacenar y analizar datos de manera segura y conforme a las regulaciones y est\u00e1ndares de privacidad de datos.[\/vc_column_text][\/vc_column_inner][\/vc_row_inner][\/vc_column][\/vc_row]<\/p>\n<\/div>","protected":false},"excerpt":{"rendered":"<p>[vc_row full_width=\u00bbstretch_row_content_no_spaces\u00bb woodmart_css_id=\u00bb660ec095c0c7c\u00bb responsive_spacing=\u00bbeyJwYXJhbV90eXBlIjoid29vZG1hcnRfcmVzcG9uc2l2ZV9zcGFjaW5nIiwic2VsZWN0b3JfaWQiOiI2NjBlYzA5NWMwYzdjIiwic2hvcnRjb2RlIjoidmNfcm93IiwiZGF0YSI6eyJ0YWJsZXQiOnsibWFyZ2luLXRvcCI6Ii03MHB4In0sIm1vYmlsZSI6eyJtYXJnaW4tdG9wIjoiLTcwcHgifX19&#8243; mobile_bg_img_hidden=\u00bbno\u00bb tablet_bg_img_hidden=\u00bbno\u00bb woodmart_parallax=\u00bb0&#8243; woodmart_gradient_switch=\u00bbno\u00bb woodmart_box_shadow=\u00bbno\u00bb wd_z_index=\u00bbno\u00bb woodmart_disable_overflow=\u00bb0&#8243; row_reverse_mobile=\u00bb0&#8243; row_reverse_tablet=\u00bb0&#8243; css=\u00bb.vc_custom_1712242847977{margin-top: -50px !important;}\u00bb][vc_column woodmart_bg_position=\u00bbleft-center\u00bb css=\u00bb.vc_custom_1712245346681{padding-left: 60px !important;background-image:<\/p>\n","protected":false},"author":2,"featured_media":0,"parent":0,"menu_order":7,"comment_status":"closed","ping_status":"closed","template":"","meta":{"footnotes":""},"class_list":["post-39","page","type-page","status-publish","hentry"],"yoast_head":"<!-- This site is optimized with the Yoast SEO plugin v22.4 - https:\/\/yoast.com\/wordpress\/plugins\/seo\/ -->\n<title>Soluciones de Datos - Arcalit<\/title>\n<meta name=\"robots\" content=\"index, follow, max-snippet:-1, max-image-preview:large, max-video-preview:-1\" \/>\n<link rel=\"canonical\" href=\"https:\/\/acigrupo.testmillennials.es\/?page_id=39\" \/>\n<meta property=\"og:locale\" content=\"es_ES\" \/>\n<meta property=\"og:type\" content=\"article\" \/>\n<meta property=\"og:title\" content=\"Soluciones de Datos - Arcalit\" \/>\n<meta property=\"og:description\" content=\"[vc_row full_width=\u00bbstretch_row_content_no_spaces\u00bb woodmart_css_id=\u00bb660ec095c0c7c\u00bb responsive_spacing=\u00bbeyJwYXJhbV90eXBlIjoid29vZG1hcnRfcmVzcG9uc2l2ZV9zcGFjaW5nIiwic2VsZWN0b3JfaWQiOiI2NjBlYzA5NWMwYzdjIiwic2hvcnRjb2RlIjoidmNfcm93IiwiZGF0YSI6eyJ0YWJsZXQiOnsibWFyZ2luLXRvcCI6Ii03MHB4In0sIm1vYmlsZSI6eyJtYXJnaW4tdG9wIjoiLTcwcHgifX19&#8243; mobile_bg_img_hidden=\u00bbno\u00bb tablet_bg_img_hidden=\u00bbno\u00bb woodmart_parallax=\u00bb0&#8243; woodmart_gradient_switch=\u00bbno\u00bb woodmart_box_shadow=\u00bbno\u00bb wd_z_index=\u00bbno\u00bb woodmart_disable_overflow=\u00bb0&#8243; row_reverse_mobile=\u00bb0&#8243; row_reverse_tablet=\u00bb0&#8243; css=\u00bb.vc_custom_1712242847977{margin-top: -50px !important;}\u00bb][vc_column woodmart_bg_position=\u00bbleft-center\u00bb css=\u00bb.vc_custom_1712245346681{padding-left: 60px !important;background-image:\" \/>\n<meta property=\"og:url\" content=\"https:\/\/acigrupo.testmillennials.es\/?page_id=39\" \/>\n<meta property=\"og:site_name\" content=\"Arcalit\" \/>\n<meta property=\"article:modified_time\" content=\"2024-04-08T12:19:52+00:00\" \/>\n<meta name=\"twitter:card\" content=\"summary_large_image\" \/>\n<meta name=\"twitter:label1\" content=\"Tiempo de lectura\" \/>\n\t<meta name=\"twitter:data1\" content=\"3 minutos\" \/>\n<script type=\"application\/ld+json\" class=\"yoast-schema-graph\">{\"@context\":\"https:\/\/schema.org\",\"@graph\":[{\"@type\":\"WebPage\",\"@id\":\"https:\/\/acigrupo.testmillennials.es\/?page_id=39\",\"url\":\"https:\/\/acigrupo.testmillennials.es\/?page_id=39\",\"name\":\"Soluciones de Datos - Arcalit\",\"isPartOf\":{\"@id\":\"https:\/\/acigrupo.testmillennials.es\/#website\"},\"datePublished\":\"2024-04-04T15:44:52+00:00\",\"dateModified\":\"2024-04-08T12:19:52+00:00\",\"breadcrumb\":{\"@id\":\"https:\/\/acigrupo.testmillennials.es\/?page_id=39#breadcrumb\"},\"inLanguage\":\"es\",\"potentialAction\":[{\"@type\":\"ReadAction\",\"target\":[\"https:\/\/acigrupo.testmillennials.es\/?page_id=39\"]}]},{\"@type\":\"BreadcrumbList\",\"@id\":\"https:\/\/acigrupo.testmillennials.es\/?page_id=39#breadcrumb\",\"itemListElement\":[{\"@type\":\"ListItem\",\"position\":1,\"name\":\"Portada\",\"item\":\"https:\/\/acigrupo.testmillennials.es\/\"},{\"@type\":\"ListItem\",\"position\":2,\"name\":\"Soluciones de Datos\"}]},{\"@type\":\"WebSite\",\"@id\":\"https:\/\/acigrupo.testmillennials.es\/#website\",\"url\":\"https:\/\/acigrupo.testmillennials.es\/\",\"name\":\"Arcalit\",\"description\":\"Consultoria Digital\",\"potentialAction\":[{\"@type\":\"SearchAction\",\"target\":{\"@type\":\"EntryPoint\",\"urlTemplate\":\"https:\/\/acigrupo.testmillennials.es\/?s={search_term_string}\"},\"query-input\":\"required name=search_term_string\"}],\"inLanguage\":\"es\"}]}<\/script>\n<!-- \/ Yoast SEO plugin. -->","yoast_head_json":{"title":"Soluciones de Datos - Arcalit","robots":{"index":"index","follow":"follow","max-snippet":"max-snippet:-1","max-image-preview":"max-image-preview:large","max-video-preview":"max-video-preview:-1"},"canonical":"https:\/\/acigrupo.testmillennials.es\/?page_id=39","og_locale":"es_ES","og_type":"article","og_title":"Soluciones de Datos - Arcalit","og_description":"[vc_row full_width=\u00bbstretch_row_content_no_spaces\u00bb woodmart_css_id=\u00bb660ec095c0c7c\u00bb responsive_spacing=\u00bbeyJwYXJhbV90eXBlIjoid29vZG1hcnRfcmVzcG9uc2l2ZV9zcGFjaW5nIiwic2VsZWN0b3JfaWQiOiI2NjBlYzA5NWMwYzdjIiwic2hvcnRjb2RlIjoidmNfcm93IiwiZGF0YSI6eyJ0YWJsZXQiOnsibWFyZ2luLXRvcCI6Ii03MHB4In0sIm1vYmlsZSI6eyJtYXJnaW4tdG9wIjoiLTcwcHgifX19&#8243; mobile_bg_img_hidden=\u00bbno\u00bb tablet_bg_img_hidden=\u00bbno\u00bb woodmart_parallax=\u00bb0&#8243; woodmart_gradient_switch=\u00bbno\u00bb woodmart_box_shadow=\u00bbno\u00bb wd_z_index=\u00bbno\u00bb woodmart_disable_overflow=\u00bb0&#8243; row_reverse_mobile=\u00bb0&#8243; row_reverse_tablet=\u00bb0&#8243; css=\u00bb.vc_custom_1712242847977{margin-top: -50px !important;}\u00bb][vc_column woodmart_bg_position=\u00bbleft-center\u00bb css=\u00bb.vc_custom_1712245346681{padding-left: 60px !important;background-image:","og_url":"https:\/\/acigrupo.testmillennials.es\/?page_id=39","og_site_name":"Arcalit","article_modified_time":"2024-04-08T12:19:52+00:00","twitter_card":"summary_large_image","twitter_misc":{"Tiempo de lectura":"3 minutos"},"schema":{"@context":"https:\/\/schema.org","@graph":[{"@type":"WebPage","@id":"https:\/\/acigrupo.testmillennials.es\/?page_id=39","url":"https:\/\/acigrupo.testmillennials.es\/?page_id=39","name":"Soluciones de Datos - Arcalit","isPartOf":{"@id":"https:\/\/acigrupo.testmillennials.es\/#website"},"datePublished":"2024-04-04T15:44:52+00:00","dateModified":"2024-04-08T12:19:52+00:00","breadcrumb":{"@id":"https:\/\/acigrupo.testmillennials.es\/?page_id=39#breadcrumb"},"inLanguage":"es","potentialAction":[{"@type":"ReadAction","target":["https:\/\/acigrupo.testmillennials.es\/?page_id=39"]}]},{"@type":"BreadcrumbList","@id":"https:\/\/acigrupo.testmillennials.es\/?page_id=39#breadcrumb","itemListElement":[{"@type":"ListItem","position":1,"name":"Portada","item":"https:\/\/acigrupo.testmillennials.es\/"},{"@type":"ListItem","position":2,"name":"Soluciones de Datos"}]},{"@type":"WebSite","@id":"https:\/\/acigrupo.testmillennials.es\/#website","url":"https:\/\/acigrupo.testmillennials.es\/","name":"Arcalit","description":"Consultoria Digital","potentialAction":[{"@type":"SearchAction","target":{"@type":"EntryPoint","urlTemplate":"https:\/\/acigrupo.testmillennials.es\/?s={search_term_string}"},"query-input":"required name=search_term_string"}],"inLanguage":"es"}]}},"_links":{"self":[{"href":"https:\/\/acigrupo.testmillennials.es\/index.php?rest_route=\/wp\/v2\/pages\/39","targetHints":{"allow":["GET"]}}],"collection":[{"href":"https:\/\/acigrupo.testmillennials.es\/index.php?rest_route=\/wp\/v2\/pages"}],"about":[{"href":"https:\/\/acigrupo.testmillennials.es\/index.php?rest_route=\/wp\/v2\/types\/page"}],"author":[{"embeddable":true,"href":"https:\/\/acigrupo.testmillennials.es\/index.php?rest_route=\/wp\/v2\/users\/2"}],"replies":[{"embeddable":true,"href":"https:\/\/acigrupo.testmillennials.es\/index.php?rest_route=%2Fwp%2Fv2%2Fcomments&post=39"}],"version-history":[{"count":6,"href":"https:\/\/acigrupo.testmillennials.es\/index.php?rest_route=\/wp\/v2\/pages\/39\/revisions"}],"predecessor-version":[{"id":135,"href":"https:\/\/acigrupo.testmillennials.es\/index.php?rest_route=\/wp\/v2\/pages\/39\/revisions\/135"}],"wp:attachment":[{"href":"https:\/\/acigrupo.testmillennials.es\/index.php?rest_route=%2Fwp%2Fv2%2Fmedia&parent=39"}],"curies":[{"name":"wp","href":"https:\/\/api.w.org\/{rel}","templated":true}]}}