{"id":8,"date":"2024-04-04T12:41:40","date_gmt":"2024-04-04T12:41:40","guid":{"rendered":"https:\/\/acigrupo.testmillennials.es\/?page_id=8"},"modified":"2024-04-08T12:19:58","modified_gmt":"2024-04-08T12:19:58","slug":"soluciones","status":"publish","type":"page","link":"https:\/\/acigrupo.testmillennials.es\/?page_id=8","title":{"rendered":"Transformaci\u00f3n digital"},"content":{"rendered":"<div class=\"wpb-content-wrapper\"><p>[vc_row full_width=\u00bbstretch_row_content_no_spaces\u00bb woodmart_css_id=\u00bb660ec095c0c7c\u00bb responsive_spacing=\u00bbeyJwYXJhbV90eXBlIjoid29vZG1hcnRfcmVzcG9uc2l2ZV9zcGFjaW5nIiwic2VsZWN0b3JfaWQiOiI2NjBlYzA5NWMwYzdjIiwic2hvcnRjb2RlIjoidmNfcm93IiwiZGF0YSI6eyJ0YWJsZXQiOnsibWFyZ2luLXRvcCI6Ii03MHB4In0sIm1vYmlsZSI6eyJtYXJnaW4tdG9wIjoiLTcwcHgifX19&#8243; mobile_bg_img_hidden=\u00bbno\u00bb tablet_bg_img_hidden=\u00bbno\u00bb woodmart_parallax=\u00bb0&#8243; woodmart_gradient_switch=\u00bbno\u00bb woodmart_box_shadow=\u00bbno\u00bb wd_z_index=\u00bbno\u00bb woodmart_disable_overflow=\u00bb0&#8243; row_reverse_mobile=\u00bb0&#8243; row_reverse_tablet=\u00bb0&#8243; css=\u00bb.vc_custom_1712242847977{margin-top: -50px !important;}\u00bb][vc_column woodmart_bg_position=\u00bbcenter-center\u00bb css=\u00bb.vc_custom_1712578232046{padding-left: 60px !important;background-image: url(https:\/\/acigrupo.testmillennials.es\/wp-content\/uploads\/2024\/04\/rodion-kutsaiev-0VGG7cqTwCo-unsplash-scaled.jpg?id=19) !important;background-position: center !important;background-repeat: no-repeat !important;background-size: cover !important;}\u00bb woodmart_css_id=\u00bb6613deb03156f\u00bb parallax_scroll=\u00bbno\u00bb woodmart_sticky_column=\u00bbfalse\u00bb wd_collapsible_content_switcher=\u00bbno\u00bb wd_column_role_offcanvas_desktop=\u00bbno\u00bb wd_column_role_offcanvas_tablet=\u00bbno\u00bb wd_column_role_offcanvas_mobile=\u00bbno\u00bb wd_column_role_content_desktop=\u00bbno\u00bb wd_column_role_content_tablet=\u00bbno\u00bb wd_column_role_content_mobile=\u00bbno\u00bb mobile_bg_img_hidden=\u00bbno\u00bb tablet_bg_img_hidden=\u00bbno\u00bb woodmart_parallax=\u00bb0&#8243; woodmart_box_shadow=\u00bbno\u00bb responsive_spacing=\u00bbeyJwYXJhbV90eXBlIjoid29vZG1hcnRfcmVzcG9uc2l2ZV9zcGFjaW5nIiwic2VsZWN0b3JfaWQiOiI2NjEzZGViMDMxNTZmIiwic2hvcnRjb2RlIjoidmNfY29sdW1uIiwiZGF0YSI6eyJ0YWJsZXQiOnt9LCJtb2JpbGUiOnt9fX0=\u00bb mobile_reset_margin=\u00bbno\u00bb tablet_reset_margin=\u00bbno\u00bb wd_z_index=\u00bbno\u00bb][vc_row_inner][vc_column_inner woodmart_css_id=\u00bb660ec04e8f294&#8243; parallax_scroll=\u00bbno\u00bb woodmart_sticky_column=\u00bbfalse\u00bb wd_collapsible_content_switcher=\u00bbno\u00bb wd_column_role_offcanvas_desktop=\u00bbno\u00bb wd_column_role_offcanvas_tablet=\u00bbno\u00bb wd_column_role_offcanvas_mobile=\u00bbno\u00bb wd_column_role_content_desktop=\u00bbno\u00bb wd_column_role_content_tablet=\u00bbno\u00bb wd_column_role_content_mobile=\u00bbno\u00bb mobile_bg_img_hidden=\u00bbno\u00bb tablet_bg_img_hidden=\u00bbno\u00bb woodmart_parallax=\u00bb0&#8243; woodmart_box_shadow=\u00bbno\u00bb responsive_spacing=\u00bbeyJwYXJhbV90eXBlIjoid29vZG1hcnRfcmVzcG9uc2l2ZV9zcGFjaW5nIiwic2VsZWN0b3JfaWQiOiI2NjBlYzA0ZThmMjk0Iiwic2hvcnRjb2RlIjoidmNfY29sdW1uX2lubmVyIiwiZGF0YSI6eyJ0YWJsZXQiOnt9LCJtb2JpbGUiOnt9fX0=\u00bb wd_z_index=\u00bbno\u00bb offset=\u00bbvc_hidden-xs\u00bb][vc_empty_space height=\u00bb500&#8243; woodmart_hide_large=\u00bb0&#8243; woodmart_hide_medium=\u00bb0&#8243; woodmart_hide_small=\u00bb0&#8243;][\/vc_column_inner][\/vc_row_inner][vc_row_inner][vc_column_inner woodmart_css_id=\u00bb660ec05ed507e\u00bb parallax_scroll=\u00bbno\u00bb woodmart_sticky_column=\u00bbfalse\u00bb wd_collapsible_content_switcher=\u00bbno\u00bb wd_column_role_offcanvas_desktop=\u00bbno\u00bb wd_column_role_offcanvas_tablet=\u00bbno\u00bb wd_column_role_offcanvas_mobile=\u00bbno\u00bb wd_column_role_content_desktop=\u00bbno\u00bb wd_column_role_content_tablet=\u00bbno\u00bb wd_column_role_content_mobile=\u00bbno\u00bb mobile_bg_img_hidden=\u00bbno\u00bb tablet_bg_img_hidden=\u00bbno\u00bb woodmart_parallax=\u00bb0&#8243; woodmart_box_shadow=\u00bbno\u00bb responsive_spacing=\u00bbeyJwYXJhbV90eXBlIjoid29vZG1hcnRfcmVzcG9uc2l2ZV9zcGFjaW5nIiwic2VsZWN0b3JfaWQiOiI2NjBlYzA1ZWQ1MDdlIiwic2hvcnRjb2RlIjoidmNfY29sdW1uX2lubmVyIiwiZGF0YSI6eyJ0YWJsZXQiOnt9LCJtb2JpbGUiOnt9fX0=\u00bb wd_z_index=\u00bbno\u00bb offset=\u00bbvc_hidden-lg vc_hidden-md vc_hidden-sm\u00bb][vc_empty_space height=\u00bb400&#8243; woodmart_hide_large=\u00bb0&#8243; woodmart_hide_medium=\u00bb0&#8243; woodmart_hide_small=\u00bb0&#8243;][\/vc_column_inner][\/vc_row_inner][\/vc_column][\/vc_row][vc_row full_width=\u00bbstretch_row\u00bb woodmart_css_id=\u00bb660ec08210d82&#8243; responsive_spacing=\u00bbeyJwYXJhbV90eXBlIjoid29vZG1hcnRfcmVzcG9uc2l2ZV9zcGFjaW5nIiwic2VsZWN0b3JfaWQiOiI2NjBlYzA4MjEwZDgyIiwic2hvcnRjb2RlIjoidmNfcm93IiwiZGF0YSI6eyJ0YWJsZXQiOnsibWFyZ2luLXRvcCI6IjMwcHgiLCJtYXJnaW4tYm90dG9tIjoiNDVweCJ9LCJtb2JpbGUiOnsibWFyZ2luLXRvcCI6IjEwcHgiLCJtYXJnaW4tYm90dG9tIjoiNTVweCJ9fX0=\u00bb mobile_bg_img_hidden=\u00bbno\u00bb tablet_bg_img_hidden=\u00bbno\u00bb woodmart_parallax=\u00bb0&#8243; woodmart_gradient_switch=\u00bbno\u00bb woodmart_box_shadow=\u00bbno\u00bb wd_z_index=\u00bbno\u00bb woodmart_disable_overflow=\u00bb0&#8243; row_reverse_mobile=\u00bb0&#8243; row_reverse_tablet=\u00bb0&#8243; css=\u00bb.vc_custom_1712242832621{margin-top: 40px !important;margin-bottom: 75px !important;}\u00bb][vc_column woodmart_css_id=\u00bb65e7669ebf1d8&#8243; parallax_scroll=\u00bbno\u00bb woodmart_sticky_column=\u00bbfalse\u00bb wd_collapsible_content_switcher=\u00bbno\u00bb wd_column_role_offcanvas_desktop=\u00bbno\u00bb wd_column_role_offcanvas_tablet=\u00bbno\u00bb wd_column_role_offcanvas_mobile=\u00bbno\u00bb wd_column_role_content_desktop=\u00bbno\u00bb wd_column_role_content_tablet=\u00bbno\u00bb wd_column_role_content_mobile=\u00bbno\u00bb mobile_bg_img_hidden=\u00bbno\u00bb tablet_bg_img_hidden=\u00bbno\u00bb woodmart_parallax=\u00bb0&#8243; woodmart_box_shadow=\u00bbno\u00bb responsive_spacing=\u00bbeyJwYXJhbV90eXBlIjoid29vZG1hcnRfcmVzcG9uc2l2ZV9zcGFjaW5nIiwic2VsZWN0b3JfaWQiOiI2NWU3NjY5ZWJmMWQ4Iiwic2hvcnRjb2RlIjoidmNfY29sdW1uIiwiZGF0YSI6eyJ0YWJsZXQiOnt9LCJtb2JpbGUiOnsibWFyZ2luLXRvcCI6IjM1In19fQ==\u00bb mobile_reset_margin=\u00bbno\u00bb tablet_reset_margin=\u00bbno\u00bb wd_z_index=\u00bbno\u00bb css=\u00bb.vc_custom_1709663916319{margin-top: 15px !important;}\u00bb]\t\t\t<link rel=\"stylesheet\" id=\"wd-section-title-css\" href=\"https:\/\/acigrupo.testmillennials.es\/wp-content\/themes\/woodmart\/css\/parts\/el-section-title.min.css?ver=7.4.3\" type=\"text\/css\" media=\"all\" \/> \t\t\t\t\t\t<link rel=\"stylesheet\" id=\"wd-mod-highlighted-text-css\" href=\"https:\/\/acigrupo.testmillennials.es\/wp-content\/themes\/woodmart\/css\/parts\/mod-highlighted-text.min.css?ver=7.4.3\" type=\"text\/css\" media=\"all\" \/> \t\t\t\n\t\t<div id=\"wd-660ea1a5df806\" class=\"title-wrapper wd-wpb set-mb-s reset-last-child  wd-rs-660ea1a5df806 wd-title-color-primary wd-title-style-default text-center vc_custom_1712234932099 wd-width-custom wd-underline-colored\">\n\t\t\t\n\t\t\t<div class=\"liner-continer\">\n\t\t\t\t<h1 class=\"woodmart-title-container title  wd-font-weight- wd-fontsize-l\" >Transformaci\u00f3n Digital<\/h1>\n\t\t\t\t\t\t\t<\/div>\n\t\t\t\n\t\t\t\n\t\t\t\n\t\t<\/div>\n\t\t\n\t\t\t\t\t<link rel=\"stylesheet\" id=\"wd-text-block-css\" href=\"https:\/\/acigrupo.testmillennials.es\/wp-content\/themes\/woodmart\/css\/parts\/el-text-block.min.css?ver=7.4.3\" type=\"text\/css\" media=\"all\" \/> \t\t\t\t\t<div id=\"wd-660ebf8b21fa9\" class=\"wd-text-block wd-wpb reset-last-child wd-rs-660ebf8b21fa9 text-center vc_custom_1712242577303\">\n\t\t\t<p style=\"text-align: center;\">La transformaci\u00f3n digital se ha convertido en un fen\u00f3meno omnipresente en todos los \u00e1mbitos de la sociedad y los negocios en la era moderna. Este proceso implica la integraci\u00f3n de tecnolog\u00edas digitales en todas las \u00e1reas de una organizaci\u00f3n, redefiniendo fundamentalmente la forma en que opera, interact\u00faa y crea valor tanto para sus clientes como para sus empleados.<\/p>\n\t\t<\/div>\n\t\t[\/vc_column][\/vc_row][vc_row css=\u00bb.vc_custom_1712242717052{margin-top: 30px !important;margin-bottom: 50px !important;}\u00bb woodmart_css_id=\u00bb660ec01614b96&#8243; responsive_spacing=\u00bbeyJwYXJhbV90eXBlIjoid29vZG1hcnRfcmVzcG9uc2l2ZV9zcGFjaW5nIiwic2VsZWN0b3JfaWQiOiI2NjBlYzAxNjE0Yjk2Iiwic2hvcnRjb2RlIjoidmNfcm93IiwiZGF0YSI6eyJ0YWJsZXQiOnt9LCJtb2JpbGUiOnt9fX0=\u00bb mobile_bg_img_hidden=\u00bbno\u00bb tablet_bg_img_hidden=\u00bbno\u00bb woodmart_parallax=\u00bb0&#8243; woodmart_gradient_switch=\u00bbno\u00bb woodmart_box_shadow=\u00bbno\u00bb wd_z_index=\u00bbno\u00bb woodmart_disable_overflow=\u00bb0&#8243; row_reverse_mobile=\u00bb0&#8243; row_reverse_tablet=\u00bb0&#8243;][vc_column][vc_row_inner content_placement=\u00bbmiddle\u00bb responsive_tabs_advanced=\u00bbmobile\u00bb woodmart_css_id=\u00bb660ebfb3d311f\u00bb responsive_spacing=\u00bbeyJwYXJhbV90eXBlIjoid29vZG1hcnRfcmVzcG9uc2l2ZV9zcGFjaW5nIiwic2VsZWN0b3JfaWQiOiI2NjBlYmZiM2QzMTFmIiwic2hvcnRjb2RlIjoidmNfcm93X2lubmVyIiwiZGF0YSI6eyJ0YWJsZXQiOnt9LCJtb2JpbGUiOnt9fX0=\u00bb mobile_bg_img_hidden=\u00bbno\u00bb tablet_bg_img_hidden=\u00bbno\u00bb woodmart_parallax=\u00bb0&#8243; woodmart_gradient_switch=\u00bbno\u00bb woodmart_box_shadow=\u00bbno\u00bb wd_z_index=\u00bbno\u00bb woodmart_disable_overflow=\u00bb0&#8243; row_reverse_mobile=\u00bb1&#8243; row_reverse_tablet=\u00bb0&#8243;][vc_column_inner width=\u00bb1\/2&#8243;][vc_column_text woodmart_inline=\u00bbno\u00bb text_larger=\u00bbno\u00bb]<strong>La transformaci\u00f3n digital ofrece a las empresas una amplia gama de ventajas:<\/strong><\/p>\n<p><span style=\"color: #4ea3f8;\"><strong>Mayor eficiencia operativa<\/strong><\/span>: La automatizaci\u00f3n de procesos manuales y la optimizaci\u00f3n de flujos de trabajo permiten a las empresas realizar tareas de manera m\u00e1s r\u00e1pida y precisa, reduciendo los tiempos de producci\u00f3n y minimizando los errores.<\/p>\n<p><strong><span style=\"color: #4ea3f8;\">Mejora en la toma de decisiones<\/span><\/strong>: La recopilaci\u00f3n y an\u00e1lisis de datos en tiempo real proporciona a los l\u00edderes empresariales informaci\u00f3n valiosa para tomar decisiones estrat\u00e9gicas fundamentadas.<\/p>\n<p><strong><span style=\"color: #4ea3f8;\">Experiencia del cliente mejorada<\/span><\/strong>: La transformaci\u00f3n digital permite a las empresas personalizar y adaptar sus productos y servicios a las necesidades espec\u00edficas de cada cliente, lo que mejora la satisfacci\u00f3n del cliente y fortalece la fidelidad a la marca.<\/p>\n<p><span style=\"color: #4ea3f8;\"><strong>Innovaci\u00f3n continua<\/strong><\/span>: Fomenta un entorno empresarial m\u00e1s innovador, donde las empresas pueden experimentar con nuevas ideas y soluciones disruptivas para mantenerse a la vanguardia de la competencia.[\/vc_column_text][\/vc_column_inner][vc_column_inner width=\u00bb1\/2&#8243;][vc_single_image image=\u00bb21&#8243; img_size=\u00bbfull\u00bb parallax_scroll=\u00bbno\u00bb woodmart_inline=\u00bbno\u00bb][\/vc_column_inner][\/vc_row_inner][\/vc_column][\/vc_row][vc_row][vc_column][vc_row_inner content_placement=\u00bbmiddle\u00bb woodmart_css_id=\u00bb65e7092b1a7eb\u00bb responsive_spacing=\u00bbeyJwYXJhbV90eXBlIjoid29vZG1hcnRfcmVzcG9uc2l2ZV9zcGFjaW5nIiwic2VsZWN0b3JfaWQiOiI2NWU3MDkyYjFhN2ViIiwic2hvcnRjb2RlIjoidmNfcm93X2lubmVyIiwiZGF0YSI6eyJ0YWJsZXQiOnt9LCJtb2JpbGUiOnt9fX0=\u00bb mobile_bg_img_hidden=\u00bbno\u00bb tablet_bg_img_hidden=\u00bbno\u00bb woodmart_parallax=\u00bb0&#8243; woodmart_gradient_switch=\u00bbno\u00bb woodmart_box_shadow=\u00bbno\u00bb wd_z_index=\u00bbno\u00bb woodmart_disable_overflow=\u00bb0&#8243; row_reverse_mobile=\u00bb0&#8243; row_reverse_tablet=\u00bb0&#8243;][vc_column_inner width=\u00bb1\/2&#8243;][vc_single_image image=\u00bb15&#8243; img_size=\u00bbfull\u00bb parallax_scroll=\u00bbno\u00bb woodmart_inline=\u00bbno\u00bb][\/vc_column_inner][vc_column_inner width=\u00bb1\/2&#8243;][vc_column_text woodmart_inline=\u00bbno\u00bb text_larger=\u00bbno\u00bb]<span style=\"color: #4ea3f8;\"><strong>Expansi\u00f3n de mercado<\/strong><\/span>: La presencia en l\u00ednea y el uso de plataformas digitales permiten a las empresas llegar a nuevos mercados y audiencias de manera m\u00e1s efectiva, ampliando su base de clientes y generando nuevas oportunidades de crecimiento.<\/p>\n<p><strong><span style=\"color: #4ea3f8;\">Reducci\u00f3n de costos<\/span><\/strong>: La implementaci\u00f3n de soluciones digitales puede ayudar a reducir los costos operativos, ya sea mediante la eliminaci\u00f3n de procesos redundantes, la optimizaci\u00f3n de la cadena de suministro o la reducci\u00f3n de gastos en infraestructura f\u00edsica.<\/p>\n<p><span style=\"color: #4ea3f8;\"><strong>Flexibilidad y adaptabilidad<\/strong><\/span>: Las empresas que se transforman digitalmente est\u00e1n mejor preparadas para adaptarse a los cambios en el mercado y afrontar situaciones imprevistas, ya que cuentan con una infraestructura \u00e1gil y escalable que les permite responder con rapidez a las nuevas demandas.[\/vc_column_text][\/vc_column_inner][\/vc_row_inner][\/vc_column][\/vc_row]<\/p>\n<\/div>","protected":false},"excerpt":{"rendered":"<p>[vc_row full_width=\u00bbstretch_row_content_no_spaces\u00bb woodmart_css_id=\u00bb660ec095c0c7c\u00bb responsive_spacing=\u00bbeyJwYXJhbV90eXBlIjoid29vZG1hcnRfcmVzcG9uc2l2ZV9zcGFjaW5nIiwic2VsZWN0b3JfaWQiOiI2NjBlYzA5NWMwYzdjIiwic2hvcnRjb2RlIjoidmNfcm93IiwiZGF0YSI6eyJ0YWJsZXQiOnsibWFyZ2luLXRvcCI6Ii03MHB4In0sIm1vYmlsZSI6eyJtYXJnaW4tdG9wIjoiLTcwcHgifX19&#8243; mobile_bg_img_hidden=\u00bbno\u00bb tablet_bg_img_hidden=\u00bbno\u00bb woodmart_parallax=\u00bb0&#8243; woodmart_gradient_switch=\u00bbno\u00bb woodmart_box_shadow=\u00bbno\u00bb wd_z_index=\u00bbno\u00bb woodmart_disable_overflow=\u00bb0&#8243; row_reverse_mobile=\u00bb0&#8243; row_reverse_tablet=\u00bb0&#8243; css=\u00bb.vc_custom_1712242847977{margin-top: -50px !important;}\u00bb][vc_column woodmart_bg_position=\u00bbcenter-center\u00bb css=\u00bb.vc_custom_1712578232046{padding-left: 60px !important;background-image:<\/p>\n","protected":false},"author":2,"featured_media":0,"parent":0,"menu_order":8,"comment_status":"closed","ping_status":"closed","template":"","meta":{"footnotes":""},"class_list":["post-8","page","type-page","status-publish","hentry"],"yoast_head":"<!-- This site is optimized with the Yoast SEO plugin v22.4 - https:\/\/yoast.com\/wordpress\/plugins\/seo\/ -->\n<title>Transformaci\u00f3n digital - Arcalit<\/title>\n<meta name=\"robots\" content=\"index, follow, max-snippet:-1, max-image-preview:large, max-video-preview:-1\" \/>\n<link rel=\"canonical\" href=\"https:\/\/acigrupo.testmillennials.es\/?page_id=8\" \/>\n<meta property=\"og:locale\" content=\"es_ES\" \/>\n<meta property=\"og:type\" content=\"article\" \/>\n<meta property=\"og:title\" content=\"Transformaci\u00f3n digital - Arcalit\" \/>\n<meta property=\"og:description\" content=\"[vc_row full_width=\u00bbstretch_row_content_no_spaces\u00bb woodmart_css_id=\u00bb660ec095c0c7c\u00bb responsive_spacing=\u00bbeyJwYXJhbV90eXBlIjoid29vZG1hcnRfcmVzcG9uc2l2ZV9zcGFjaW5nIiwic2VsZWN0b3JfaWQiOiI2NjBlYzA5NWMwYzdjIiwic2hvcnRjb2RlIjoidmNfcm93IiwiZGF0YSI6eyJ0YWJsZXQiOnsibWFyZ2luLXRvcCI6Ii03MHB4In0sIm1vYmlsZSI6eyJtYXJnaW4tdG9wIjoiLTcwcHgifX19&#8243; mobile_bg_img_hidden=\u00bbno\u00bb tablet_bg_img_hidden=\u00bbno\u00bb woodmart_parallax=\u00bb0&#8243; woodmart_gradient_switch=\u00bbno\u00bb woodmart_box_shadow=\u00bbno\u00bb wd_z_index=\u00bbno\u00bb woodmart_disable_overflow=\u00bb0&#8243; row_reverse_mobile=\u00bb0&#8243; row_reverse_tablet=\u00bb0&#8243; css=\u00bb.vc_custom_1712242847977{margin-top: -50px !important;}\u00bb][vc_column woodmart_bg_position=\u00bbcenter-center\u00bb css=\u00bb.vc_custom_1712578232046{padding-left: 60px !important;background-image:\" \/>\n<meta property=\"og:url\" content=\"https:\/\/acigrupo.testmillennials.es\/?page_id=8\" \/>\n<meta property=\"og:site_name\" content=\"Arcalit\" \/>\n<meta property=\"article:modified_time\" content=\"2024-04-08T12:19:58+00:00\" \/>\n<meta name=\"twitter:card\" content=\"summary_large_image\" \/>\n<meta name=\"twitter:label1\" content=\"Tiempo de lectura\" \/>\n\t<meta name=\"twitter:data1\" content=\"3 minutos\" \/>\n<script type=\"application\/ld+json\" class=\"yoast-schema-graph\">{\"@context\":\"https:\/\/schema.org\",\"@graph\":[{\"@type\":\"WebPage\",\"@id\":\"https:\/\/acigrupo.testmillennials.es\/?page_id=8\",\"url\":\"https:\/\/acigrupo.testmillennials.es\/?page_id=8\",\"name\":\"Transformaci\u00f3n digital - Arcalit\",\"isPartOf\":{\"@id\":\"https:\/\/acigrupo.testmillennials.es\/#website\"},\"datePublished\":\"2024-04-04T12:41:40+00:00\",\"dateModified\":\"2024-04-08T12:19:58+00:00\",\"breadcrumb\":{\"@id\":\"https:\/\/acigrupo.testmillennials.es\/?page_id=8#breadcrumb\"},\"inLanguage\":\"es\",\"potentialAction\":[{\"@type\":\"ReadAction\",\"target\":[\"https:\/\/acigrupo.testmillennials.es\/?page_id=8\"]}]},{\"@type\":\"BreadcrumbList\",\"@id\":\"https:\/\/acigrupo.testmillennials.es\/?page_id=8#breadcrumb\",\"itemListElement\":[{\"@type\":\"ListItem\",\"position\":1,\"name\":\"Portada\",\"item\":\"https:\/\/acigrupo.testmillennials.es\/\"},{\"@type\":\"ListItem\",\"position\":2,\"name\":\"Transformaci\u00f3n digital\"}]},{\"@type\":\"WebSite\",\"@id\":\"https:\/\/acigrupo.testmillennials.es\/#website\",\"url\":\"https:\/\/acigrupo.testmillennials.es\/\",\"name\":\"Arcalit\",\"description\":\"Consultoria Digital\",\"potentialAction\":[{\"@type\":\"SearchAction\",\"target\":{\"@type\":\"EntryPoint\",\"urlTemplate\":\"https:\/\/acigrupo.testmillennials.es\/?s={search_term_string}\"},\"query-input\":\"required name=search_term_string\"}],\"inLanguage\":\"es\"}]}<\/script>\n<!-- \/ Yoast SEO plugin. -->","yoast_head_json":{"title":"Transformaci\u00f3n digital - Arcalit","robots":{"index":"index","follow":"follow","max-snippet":"max-snippet:-1","max-image-preview":"max-image-preview:large","max-video-preview":"max-video-preview:-1"},"canonical":"https:\/\/acigrupo.testmillennials.es\/?page_id=8","og_locale":"es_ES","og_type":"article","og_title":"Transformaci\u00f3n digital - Arcalit","og_description":"[vc_row full_width=\u00bbstretch_row_content_no_spaces\u00bb woodmart_css_id=\u00bb660ec095c0c7c\u00bb responsive_spacing=\u00bbeyJwYXJhbV90eXBlIjoid29vZG1hcnRfcmVzcG9uc2l2ZV9zcGFjaW5nIiwic2VsZWN0b3JfaWQiOiI2NjBlYzA5NWMwYzdjIiwic2hvcnRjb2RlIjoidmNfcm93IiwiZGF0YSI6eyJ0YWJsZXQiOnsibWFyZ2luLXRvcCI6Ii03MHB4In0sIm1vYmlsZSI6eyJtYXJnaW4tdG9wIjoiLTcwcHgifX19&#8243; mobile_bg_img_hidden=\u00bbno\u00bb tablet_bg_img_hidden=\u00bbno\u00bb woodmart_parallax=\u00bb0&#8243; woodmart_gradient_switch=\u00bbno\u00bb woodmart_box_shadow=\u00bbno\u00bb wd_z_index=\u00bbno\u00bb woodmart_disable_overflow=\u00bb0&#8243; row_reverse_mobile=\u00bb0&#8243; row_reverse_tablet=\u00bb0&#8243; css=\u00bb.vc_custom_1712242847977{margin-top: -50px !important;}\u00bb][vc_column woodmart_bg_position=\u00bbcenter-center\u00bb css=\u00bb.vc_custom_1712578232046{padding-left: 60px !important;background-image:","og_url":"https:\/\/acigrupo.testmillennials.es\/?page_id=8","og_site_name":"Arcalit","article_modified_time":"2024-04-08T12:19:58+00:00","twitter_card":"summary_large_image","twitter_misc":{"Tiempo de lectura":"3 minutos"},"schema":{"@context":"https:\/\/schema.org","@graph":[{"@type":"WebPage","@id":"https:\/\/acigrupo.testmillennials.es\/?page_id=8","url":"https:\/\/acigrupo.testmillennials.es\/?page_id=8","name":"Transformaci\u00f3n digital - Arcalit","isPartOf":{"@id":"https:\/\/acigrupo.testmillennials.es\/#website"},"datePublished":"2024-04-04T12:41:40+00:00","dateModified":"2024-04-08T12:19:58+00:00","breadcrumb":{"@id":"https:\/\/acigrupo.testmillennials.es\/?page_id=8#breadcrumb"},"inLanguage":"es","potentialAction":[{"@type":"ReadAction","target":["https:\/\/acigrupo.testmillennials.es\/?page_id=8"]}]},{"@type":"BreadcrumbList","@id":"https:\/\/acigrupo.testmillennials.es\/?page_id=8#breadcrumb","itemListElement":[{"@type":"ListItem","position":1,"name":"Portada","item":"https:\/\/acigrupo.testmillennials.es\/"},{"@type":"ListItem","position":2,"name":"Transformaci\u00f3n digital"}]},{"@type":"WebSite","@id":"https:\/\/acigrupo.testmillennials.es\/#website","url":"https:\/\/acigrupo.testmillennials.es\/","name":"Arcalit","description":"Consultoria Digital","potentialAction":[{"@type":"SearchAction","target":{"@type":"EntryPoint","urlTemplate":"https:\/\/acigrupo.testmillennials.es\/?s={search_term_string}"},"query-input":"required name=search_term_string"}],"inLanguage":"es"}]}},"_links":{"self":[{"href":"https:\/\/acigrupo.testmillennials.es\/index.php?rest_route=\/wp\/v2\/pages\/8","targetHints":{"allow":["GET"]}}],"collection":[{"href":"https:\/\/acigrupo.testmillennials.es\/index.php?rest_route=\/wp\/v2\/pages"}],"about":[{"href":"https:\/\/acigrupo.testmillennials.es\/index.php?rest_route=\/wp\/v2\/types\/page"}],"author":[{"embeddable":true,"href":"https:\/\/acigrupo.testmillennials.es\/index.php?rest_route=\/wp\/v2\/users\/2"}],"replies":[{"embeddable":true,"href":"https:\/\/acigrupo.testmillennials.es\/index.php?rest_route=%2Fwp%2Fv2%2Fcomments&post=8"}],"version-history":[{"count":13,"href":"https:\/\/acigrupo.testmillennials.es\/index.php?rest_route=\/wp\/v2\/pages\/8\/revisions"}],"predecessor-version":[{"id":136,"href":"https:\/\/acigrupo.testmillennials.es\/index.php?rest_route=\/wp\/v2\/pages\/8\/revisions\/136"}],"wp:attachment":[{"href":"https:\/\/acigrupo.testmillennials.es\/index.php?rest_route=%2Fwp%2Fv2%2Fmedia&parent=8"}],"curies":[{"name":"wp","href":"https:\/\/api.w.org\/{rel}","templated":true}]}}